{"id":691,"date":"2026-01-27T12:06:59","date_gmt":"2026-01-27T12:06:59","guid":{"rendered":"https:\/\/sochaelektryk.pl\/index.php\/strona-glowna\/"},"modified":"2026-02-04T19:27:20","modified_gmt":"2026-02-04T19:27:20","slug":"strona-glowna","status":"publish","type":"page","link":"https:\/\/sochaelektryk.pl\/","title":{"rendered":"Strona g\u0142\u00f3wna"},"content":{"rendered":"\n<div class=\"wp-block-cover alignfull is-light hestia-clear-top-padding\"><span aria-hidden=\"true\" class=\"wp-block-cover__background has-white-background-color has-background-dim-100 has-background-dim\"><\/span><div class=\"wp-block-cover__inner-container is-layout-flow wp-block-cover-is-layout-flow\">\n<h2 class=\"wp-block-heading has-text-align-center has-text-color\" style=\"color:#3c4858\">Posiadamy ponad 20 lat do\u015bwiadczenia w bran\u017cy elektrycznej<\/h2>\n\n\n\n<div style=\"height:40px\" aria-hidden=\"true\" class=\"wp-block-spacer\"><\/div>\n\n\n\n<div class=\"wp-block-columns container is-layout-flex wp-container-core-columns-is-layout-28f84493 wp-block-columns-is-layout-flex\">\n<div class=\"wp-block-column is-layout-flow wp-block-column-is-layout-flow\"><div class=\"wp-block-image\">\n<figure class=\"aligncenter size-large\"><img decoding=\"async\" src=\"https:\/\/sochaelektryk.pl\/wp-content\/themes\/hestia\/assets\/img\/feat1.png\" alt=\"\" class=\"wp-image-70\"\/><\/figure>\n<\/div>\n\n\n<h5 class=\"wp-block-heading has-text-align-center has-text-color\" style=\"color:#3c4858;font-size:18px\">Instalacje elektryczne<\/h5>\n\n\n\n<p class=\"has-text-align-center has-text-color\" style=\"color:#999999;font-size:14px\">Instalacja elektryczna wykonana przez nasz zesp\u00f3\u0142 to pewno\u015b\u0107 \u017ce wszystko dzia\u0142a nale\u017cycie. Zapewniamy serwis podwykonawczy. Jeste\u015bmy blisko Ciebie wi\u0119c kontakt z nami staje si\u0119 prosty.<\/p>\n\n\n\n<div style=\"height:25px\" aria-hidden=\"true\" class=\"wp-block-spacer\"><\/div>\n<\/div>\n\n\n\n<div class=\"wp-block-column is-layout-flow wp-block-column-is-layout-flow\"><div class=\"wp-block-image\">\n<figure class=\"aligncenter size-large\"><img decoding=\"async\" src=\"https:\/\/sochaelektryk.pl\/wp-content\/themes\/hestia\/assets\/img\/feat2.png\" alt=\"\" class=\"wp-image-71\"\/><\/figure>\n<\/div>\n\n\n<h5 class=\"wp-block-heading has-text-align-center has-text-color\" style=\"color:#3c4858;font-size:18px\">Magazyny energii<\/h5>\n\n\n\n<p class=\"has-text-align-center has-text-color\" style=\"color:#999999;font-size:14px\">Magazyn energii to  niezb\u0119dne urz\u0105dzenie do prawid\u0142owego zarz\u0105dzania energi\u0105. Przy monta\u017cu zawsze skupiamy na szczeg\u00f3\u0142ach instalacji tak by magazyn pracowa\u0142 dla Ciebie jak najlepiej i jak najwydajniej.<\/p>\n\n\n\n<div style=\"height:25px\" aria-hidden=\"true\" class=\"wp-block-spacer\"><\/div>\n<\/div>\n\n\n\n<div class=\"wp-block-column is-layout-flow wp-block-column-is-layout-flow\"><div class=\"wp-block-image\">\n<figure class=\"aligncenter size-large\"><img decoding=\"async\" src=\"https:\/\/sochaelektryk.pl\/wp-content\/themes\/hestia\/assets\/img\/feat3.png\" alt=\"\" class=\"wp-image-72\"\/><\/figure>\n<\/div>\n\n\n<h5 class=\"wp-block-heading has-text-align-center has-text-color\" style=\"color:#3c4858;font-size:18px\">Pomiary elektryczne<\/h5>\n\n\n\n<p class=\"has-text-align-center has-text-color\" style=\"color:#999999;font-size:14px\">Pomiary elektryczne to bardzo wa\u017cny element bezpiecze\u0144stwa. Wykonujemy pomiary dla budynk\u00f3w mieszkalnych jak i budynk\u00f3w komercyjnych i przemys\u0142owych. Pomiary s\u0105 wymagane przez ubezpieczyciela a prawo budowlane obliguje do systematycznych przegl\u0105d\u00f3w instalacji<\/p>\n\n\n\n<div style=\"height:25px\" aria-hidden=\"true\" class=\"wp-block-spacer\"><\/div>\n<\/div>\n<\/div>\n\n\n\n<div style=\"height:40px\" aria-hidden=\"true\" class=\"wp-block-spacer\"><\/div>\n<\/div><\/div>\n\n\n\n<div class=\"wp-block-columns container is-layout-flex wp-container-core-columns-is-layout-28f84493 wp-block-columns-is-layout-flex\">\n<div class=\"wp-block-column col-md-5 is-layout-flow wp-block-column-is-layout-flow\">\n<div style=\"height:55px\" aria-hidden=\"true\" class=\"wp-block-spacer\"><\/div>\n\n\n\n<h2 class=\"wp-block-heading\">Kr\u00f3tko o mnie<\/h2>\n\n\n\n<p><strong>Micha\u0142 Socha <\/strong>inaczej <strong>Sochaelektryk.pl<\/strong> to marka dzia\u0142aj\u0105ca w ramach PPHU EL MILUBA, od lat zwi\u0105zana z bran\u017c\u0105 elektryczn\u0105 i nowoczesnymi instalacjami energetycznymi. Posiadamy wymagane kwalifikacje oraz uprawnienia elektroenergetyczne, OZE i F-Gazy, co pozwala nam realizowa\u0107 instalacje zgodnie z obowi\u0105zuj\u0105cymi normami i najwy\u017cszymi standardami bezpiecze\u0144stwa.<\/p>\n\n\n\n<p>Specjalizujemy si\u0119 w instalacjach elektrycznych przemys\u0142owych, domowych oraz rozwi\u0105zaniach z zakresu odnawialnych \u017ar\u00f3de\u0142 energii oraz magazyn\u00f3w energii monta\u017cu klimatyzacji. Stawiamy na estetyk\u0119, bezpiecze\u0144stwo i pe\u0142ne zadowolenie klienta \u2014 bo energia bez granic zaczyna si\u0119 od solidnych podstaw.<\/p>\n<\/div>\n\n\n\n<div class=\"wp-block-column col-md-6 col-md-offset1 is-layout-flow wp-block-column-is-layout-flow\">\n<div style=\"height:55px\" aria-hidden=\"true\" class=\"wp-block-spacer\"><\/div>\n\n\n\n<figure class=\"wp-block-image size-full\"><img loading=\"lazy\" decoding=\"async\" width=\"401\" height=\"233\" src=\"https:\/\/sochaelektryk.pl\/wp-content\/uploads\/2026\/01\/elektryk-monter-PV-401x233-1.jpg\" alt=\"\" class=\"wp-image-710\" srcset=\"https:\/\/sochaelektryk.pl\/wp-content\/uploads\/2026\/01\/elektryk-monter-PV-401x233-1.jpg 401w, https:\/\/sochaelektryk.pl\/wp-content\/uploads\/2026\/01\/elektryk-monter-PV-401x233-1-300x174.jpg 300w\" sizes=\"auto, (max-width: 401px) 100vw, 401px\" \/><\/figure>\n\n\n\n<figure class=\"wp-block-image size-large\"><img loading=\"lazy\" decoding=\"async\" width=\"1024\" height=\"683\" src=\"https:\/\/sochaelektryk.pl\/wp-content\/uploads\/2026\/02\/magazyn-energii-1024x683.png\" alt=\"Magazyn energii\" class=\"wp-image-747\" srcset=\"https:\/\/sochaelektryk.pl\/wp-content\/uploads\/2026\/02\/magazyn-energii-1024x683.png 1024w, https:\/\/sochaelektryk.pl\/wp-content\/uploads\/2026\/02\/magazyn-energii-300x200.png 300w, https:\/\/sochaelektryk.pl\/wp-content\/uploads\/2026\/02\/magazyn-energii-768x512.png 768w, https:\/\/sochaelektryk.pl\/wp-content\/uploads\/2026\/02\/magazyn-energii-360x240.png 360w, https:\/\/sochaelektryk.pl\/wp-content\/uploads\/2026\/02\/magazyn-energii.png 1536w\" sizes=\"auto, (max-width: 1024px) 100vw, 1024px\" \/><\/figure>\n\n\n\n<p><\/p>\n<\/div>\n<\/div>\n\n\n\n<p><\/p>\n","protected":false},"excerpt":{"rendered":"<p>Kr\u00f3tko o mnie Micha\u0142 Socha inaczej Sochaelektryk.pl to marka dzia\u0142aj\u0105ca w ramach PPHU EL MILUBA, od lat zwi\u0105zana z bran\u017c\u0105 elektryczn\u0105 i nowoczesnymi instalacjami energetycznymi. Posiadamy wymagane kwalifikacje oraz uprawnienia elektroenergetyczne, OZE i F-Gazy, co pozwala nam realizowa\u0107 instalacje zgodnie z obowi\u0105zuj\u0105cymi normami i najwy\u017cszymi standardami bezpiecze\u0144stwa. Specjalizujemy si\u0119 w [&hellip;]<\/p>\n","protected":false},"author":1,"featured_media":694,"parent":0,"menu_order":0,"comment_status":"closed","ping_status":"closed","template":"","meta":{"_themeisle_gutenberg_block_has_review":false,"footnotes":""},"class_list":["post-691","page","type-page","status-publish","has-post-thumbnail","hentry"],"_links":{"self":[{"href":"https:\/\/sochaelektryk.pl\/index.php\/wp-json\/wp\/v2\/pages\/691","targetHints":{"allow":["GET"]}}],"collection":[{"href":"https:\/\/sochaelektryk.pl\/index.php\/wp-json\/wp\/v2\/pages"}],"about":[{"href":"https:\/\/sochaelektryk.pl\/index.php\/wp-json\/wp\/v2\/types\/page"}],"author":[{"embeddable":true,"href":"https:\/\/sochaelektryk.pl\/index.php\/wp-json\/wp\/v2\/users\/1"}],"replies":[{"embeddable":true,"href":"https:\/\/sochaelektryk.pl\/index.php\/wp-json\/wp\/v2\/comments?post=691"}],"version-history":[{"count":5,"href":"https:\/\/sochaelektryk.pl\/index.php\/wp-json\/wp\/v2\/pages\/691\/revisions"}],"predecessor-version":[{"id":748,"href":"https:\/\/sochaelektryk.pl\/index.php\/wp-json\/wp\/v2\/pages\/691\/revisions\/748"}],"wp:featuredmedia":[{"embeddable":true,"href":"https:\/\/sochaelektryk.pl\/index.php\/wp-json\/wp\/v2\/media\/694"}],"wp:attachment":[{"href":"https:\/\/sochaelektryk.pl\/index.php\/wp-json\/wp\/v2\/media?parent=691"}],"curies":[{"name":"wp","href":"https:\/\/api.w.org\/{rel}","templated":true}]}}